{"id":27473,"date":"2023-11-22T15:28:50","date_gmt":"2023-11-22T14:28:50","guid":{"rendered":"https:\/\/imn.lukasiewicz.gov.pl\/services-for-industry\/"},"modified":"2024-10-02T14:19:23","modified_gmt":"2024-10-02T12:19:23","slug":"services-for-industry","status":"publish","type":"page","link":"https:\/\/imn.lukasiewicz.gov.pl\/en\/services-for-industry\/","title":{"rendered":"Services for industry"},"content":{"rendered":"\t\t<div data-elementor-type=\"wp-post\" data-elementor-id=\"27473\" class=\"elementor elementor-27473 elementor-18346\" data-elementor-post-type=\"page\">\n\t\t\t\t\t\t<section class=\"elementor-section elementor-top-section elementor-element elementor-element-b613830 elementor-section-boxed elementor-section-height-default elementor-section-height-default\" data-id=\"b613830\" data-element_type=\"section\" data-e-type=\"section\">\n\t\t\t\t\t\t<div class=\"elementor-container elementor-column-gap-default\">\n\t\t\t\t\t<div class=\"elementor-column elementor-col-100 elementor-top-column elementor-element elementor-element-ff39c26\" data-id=\"ff39c26\" data-element_type=\"column\" data-e-type=\"column\" data-settings=\"{&quot;background_background&quot;:&quot;classic&quot;}\">\n\t\t\t<div class=\"elementor-widget-wrap elementor-element-populated\">\n\t\t\t\t\t\t<div class=\"elementor-element elementor-element-01ad0c9 elementor-widget__width-auto elementor-widget elementor-widget-heading\" data-id=\"01ad0c9\" data-element_type=\"widget\" data-e-type=\"widget\" data-widget_type=\"heading.default\">\n\t\t\t\t<div class=\"elementor-widget-container\">\n\t\t\t\t\t<p class=\"elementor-heading-title elementor-size-small\">Services<\/p>\t\t\t\t<\/div>\n\t\t\t\t<\/div>\n\t\t\t\t<div class=\"elementor-element elementor-element-15f289d elementor-widget elementor-widget-heading\" data-id=\"15f289d\" data-element_type=\"widget\" data-e-type=\"widget\" data-widget_type=\"heading.default\">\n\t\t\t\t<div class=\"elementor-widget-container\">\n\t\t\t\t\t<h2 class=\"elementor-heading-title elementor-size-default\">Services for industry<\/h2>\t\t\t\t<\/div>\n\t\t\t\t<\/div>\n\t\t\t\t<section class=\"elementor-section elementor-inner-section elementor-element elementor-element-3782165 elementor-section-boxed elementor-section-height-default elementor-section-height-default\" data-id=\"3782165\" data-element_type=\"section\" data-e-type=\"section\">\n\t\t\t\t\t\t<div class=\"elementor-container elementor-column-gap-default\">\n\t\t\t\t\t<div class=\"elementor-column elementor-col-33 elementor-inner-column elementor-element elementor-element-4a91f0e\" data-id=\"4a91f0e\" data-element_type=\"column\" data-e-type=\"column\" data-settings=\"{&quot;background_background&quot;:&quot;classic&quot;}\">\n\t\t\t<div class=\"elementor-widget-wrap elementor-element-populated\">\n\t\t\t\t\t\t<div class=\"elementor-element elementor-element-91791a6 elementor-position-top elementor-widget elementor-widget-image-box\" data-id=\"91791a6\" data-element_type=\"widget\" data-e-type=\"widget\" data-widget_type=\"image-box.default\">\n\t\t\t\t<div class=\"elementor-widget-container\">\n\t\t\t\t\t<div class=\"elementor-image-box-wrapper\"><figure class=\"elementor-image-box-img\"><a href=\"https:\/\/imn.lukasiewicz.gov.pl\/en\/anodizing\/\" tabindex=\"-1\"><img decoding=\"async\" src=\"https:\/\/imn.lukasiewicz.gov.pl\/wp-content\/uploads\/sites\/21\/elementor\/thumbs\/anodowanie-oferta-1000x438-1-qfs0ekn2x1xo8manpx81bntc99o4cn9ar5dx6dea7s.jpg\" title=\"anodowanie-oferta-1000&#215;438\" alt=\"rurki z kolorowymi pow\u0142okami anodowymi\" loading=\"lazy\" \/><\/a><\/figure><div class=\"elementor-image-box-content\"><h3 class=\"elementor-image-box-title\"><a href=\"https:\/\/imn.lukasiewicz.gov.pl\/en\/anodizing\/\">Anodizing<\/a><\/h3><\/div><\/div>\t\t\t\t<\/div>\n\t\t\t\t<\/div>\n\t\t\t\t\t<\/div>\n\t\t<\/div>\n\t\t\t\t<div class=\"elementor-column elementor-col-33 elementor-inner-column elementor-element elementor-element-9c27352\" data-id=\"9c27352\" data-element_type=\"column\" data-e-type=\"column\">\n\t\t\t<div class=\"elementor-widget-wrap elementor-element-populated\">\n\t\t\t\t\t\t<div class=\"elementor-element elementor-element-c64084f elementor-position-top elementor-widget elementor-widget-image-box\" data-id=\"c64084f\" data-element_type=\"widget\" data-e-type=\"widget\" data-widget_type=\"image-box.default\">\n\t\t\t\t<div class=\"elementor-widget-container\">\n\t\t\t\t\t<div class=\"elementor-image-box-wrapper\"><figure class=\"elementor-image-box-img\"><a href=\"https:\/\/imn.lukasiewicz.gov.pl\/en\/powder-manufacturing-and-processing\/\" tabindex=\"-1\"><img decoding=\"async\" src=\"https:\/\/imn.lukasiewicz.gov.pl\/wp-content\/uploads\/sites\/21\/elementor\/thumbs\/DSC_1106-scaled-qfru9t9nstqbhkynszxe7vb1ofrpjrus2hjkjupxko.jpg\" title=\"DSC_1106\" alt=\"atomizer sferyczny\" loading=\"lazy\" \/><\/a><\/figure><div class=\"elementor-image-box-content\"><h3 class=\"elementor-image-box-title\"><a href=\"https:\/\/imn.lukasiewicz.gov.pl\/en\/powder-manufacturing-and-processing\/\">Powder Manufacturing and Processing<\/a><\/h3><\/div><\/div>\t\t\t\t<\/div>\n\t\t\t\t<\/div>\n\t\t\t\t\t<\/div>\n\t\t<\/div>\n\t\t\t\t<div class=\"elementor-column elementor-col-33 elementor-inner-column elementor-element elementor-element-8fd0da2\" data-id=\"8fd0da2\" data-element_type=\"column\" data-e-type=\"column\">\n\t\t\t<div class=\"elementor-widget-wrap elementor-element-populated\">\n\t\t\t\t\t\t<div class=\"elementor-element elementor-element-2aff517 elementor-position-top elementor-widget elementor-widget-image-box\" data-id=\"2aff517\" data-element_type=\"widget\" data-e-type=\"widget\" data-widget_type=\"image-box.default\">\n\t\t\t\t<div class=\"elementor-widget-container\">\n\t\t\t\t\t<div class=\"elementor-image-box-wrapper\"><figure class=\"elementor-image-box-img\"><a href=\"https:\/\/imn.lukasiewicz.gov.pl\/en\/industrial-services-mineral-resources\/\" tabindex=\"-1\"><img decoding=\"async\" src=\"https:\/\/imn.lukasiewicz.gov.pl\/wp-content\/uploads\/sites\/21\/elementor\/thumbs\/aggregate-scaled-qfn6494d7yv44y3gcbac3gpri4zt2nn545d2qye62g.jpg\" title=\"aggregate\" alt=\"Surowce mineralne\" loading=\"lazy\" \/><\/a><\/figure><div class=\"elementor-image-box-content\"><h3 class=\"elementor-image-box-title\"><a href=\"https:\/\/imn.lukasiewicz.gov.pl\/en\/industrial-services-mineral-resources\/\">Processing of mineral raw materials<\/a><\/h3><p class=\"elementor-image-box-description\"><span style=\"text-align: start\">crushing and grinding<\/span>, screening and classification, enrichment of raw materials<\/p><\/div><\/div>\t\t\t\t<\/div>\n\t\t\t\t<\/div>\n\t\t\t\t\t<\/div>\n\t\t<\/div>\n\t\t\t\t\t<\/div>\n\t\t<\/section>\n\t\t\t\t<section class=\"elementor-section elementor-inner-section elementor-element elementor-element-2287974 elementor-section-boxed elementor-section-height-default elementor-section-height-default\" data-id=\"2287974\" data-element_type=\"section\" data-e-type=\"section\">\n\t\t\t\t\t\t<div class=\"elementor-container elementor-column-gap-default\">\n\t\t\t\t\t<div class=\"elementor-column elementor-col-33 elementor-inner-column elementor-element elementor-element-0c28644\" data-id=\"0c28644\" data-element_type=\"column\" data-e-type=\"column\">\n\t\t\t<div class=\"elementor-widget-wrap elementor-element-populated\">\n\t\t\t\t\t\t<div class=\"elementor-element elementor-element-235c22f elementor-position-top elementor-widget elementor-widget-image-box\" data-id=\"235c22f\" data-element_type=\"widget\" data-e-type=\"widget\" data-widget_type=\"image-box.default\">\n\t\t\t\t<div class=\"elementor-widget-container\">\n\t\t\t\t\t<div class=\"elementor-image-box-wrapper\"><figure class=\"elementor-image-box-img\"><a href=\"https:\/\/imn.lukasiewicz.gov.pl\/en\/offer\/recycling\/metallurgy-industrial-services\/\" tabindex=\"-1\"><img decoding=\"async\" src=\"https:\/\/imn.lukasiewicz.gov.pl\/wp-content\/uploads\/sites\/21\/elementor\/thumbs\/Piec-obrotowo-wahadlowy-z-instalacja-tlenowa-qfawoauv2tzakk1j6fh7f8qxekeh7gp1uags27jrco.png\" title=\"Piec obrotowo-wahad\u0142owy z instalacj\u0105 tlenow\u0105\" alt=\"Piec obrotowo-wahad\u0142owy z instalacj\u0105 tlenow\u0105\" loading=\"lazy\" \/><\/a><\/figure><div class=\"elementor-image-box-content\"><h3 class=\"elementor-image-box-title\"><a href=\"https:\/\/imn.lukasiewicz.gov.pl\/en\/offer\/recycling\/metallurgy-industrial-services\/\">Material processing<\/a><\/h3><p class=\"elementor-image-box-description\">briquetting and granulating, processing in the temperature range from 200 to 1400\u00b0C, recovery of metals from waste and secondary raw materials <\/p><\/div><\/div>\t\t\t\t<\/div>\n\t\t\t\t<\/div>\n\t\t\t\t\t<\/div>\n\t\t<\/div>\n\t\t\t\t<div class=\"elementor-column elementor-col-33 elementor-inner-column elementor-element elementor-element-6f84ca1\" data-id=\"6f84ca1\" data-element_type=\"column\" data-e-type=\"column\">\n\t\t\t<div class=\"elementor-widget-wrap elementor-element-populated\">\n\t\t\t\t\t\t<div class=\"elementor-element elementor-element-6e69134 elementor-position-top elementor-widget elementor-widget-image-box\" data-id=\"6e69134\" data-element_type=\"widget\" data-e-type=\"widget\" data-widget_type=\"image-box.default\">\n\t\t\t\t<div class=\"elementor-widget-container\">\n\t\t\t\t\t<div class=\"elementor-image-box-wrapper\"><figure class=\"elementor-image-box-img\"><a href=\"https:\/\/imn.lukasiewicz.gov.pl\/en\/offer\/recycling\/recovery-and-refining-of-metals\/\" tabindex=\"-1\"><img decoding=\"async\" src=\"https:\/\/imn.lukasiewicz.gov.pl\/wp-content\/uploads\/sites\/21\/elementor\/thumbs\/DSC_1214-scaled-qfay18ceucymxsyvgkw27w8qmn8bw8y18h0peqzzg8.jpg\" title=\"DSC_1214\" alt=\"Fragment procesu przer\u00f3bki\" loading=\"lazy\" \/><\/a><\/figure><div class=\"elementor-image-box-content\"><h3 class=\"elementor-image-box-title\"><a href=\"https:\/\/imn.lukasiewicz.gov.pl\/en\/offer\/recycling\/recovery-and-refining-of-metals\/\">Recovery and refining of metals<\/a><\/h3><p class=\"elementor-image-box-description\">recovery and refining of metals (mainly precious), production of selected metal compounds from own materials<\/p><\/div><\/div>\t\t\t\t<\/div>\n\t\t\t\t<\/div>\n\t\t\t\t\t<\/div>\n\t\t<\/div>\n\t\t\t\t<div class=\"elementor-column elementor-col-33 elementor-inner-column elementor-element elementor-element-ec793ab\" data-id=\"ec793ab\" data-element_type=\"column\" data-e-type=\"column\">\n\t\t\t<div class=\"elementor-widget-wrap elementor-element-populated\">\n\t\t\t\t\t\t<div class=\"elementor-element elementor-element-2df1237 elementor-position-top elementor-widget elementor-widget-image-box\" data-id=\"2df1237\" data-element_type=\"widget\" data-e-type=\"widget\" data-widget_type=\"image-box.default\">\n\t\t\t\t<div class=\"elementor-widget-container\">\n\t\t\t\t\t<div class=\"elementor-image-box-wrapper\"><figure class=\"elementor-image-box-img\"><a href=\"https:\/\/imn.lukasiewicz.gov.pl\/en\/analytical-and-technological-laboratory-of-water-and-wastewater-treatment\/\" tabindex=\"-1\"><img decoding=\"async\" src=\"https:\/\/imn.lukasiewicz.gov.pl\/wp-content\/uploads\/sites\/21\/elementor\/thumbs\/Obraz7-qdr57uhxbrwx3i066zqtqxoq82eybhxvungrfopfso.jpg\" title=\"Obraz7\" alt=\"Element instalacji pilotowej\" loading=\"lazy\" \/><\/a><\/figure><div class=\"elementor-image-box-content\"><h3 class=\"elementor-image-box-title\"><a href=\"https:\/\/imn.lukasiewicz.gov.pl\/en\/analytical-and-technological-laboratory-of-water-and-wastewater-treatment\/\">Water and sewage management in industry<\/a><\/h3><p class=\"elementor-image-box-description\">water and industrial wastewater treatment technologies, neutralization of technological wastewater, cooling water regimes, assessment of cooling water corrosivity and sediment formation, reduction of odor nuisance, soil phytoremediation, waste management and disposal technologies<\/p><\/div><\/div>\t\t\t\t<\/div>\n\t\t\t\t<\/div>\n\t\t\t\t\t<\/div>\n\t\t<\/div>\n\t\t\t\t\t<\/div>\n\t\t<\/section>\n\t\t\t\t<section class=\"elementor-section elementor-inner-section elementor-element elementor-element-8178c8b elementor-section-boxed elementor-section-height-default elementor-section-height-default\" data-id=\"8178c8b\" data-element_type=\"section\" data-e-type=\"section\">\n\t\t\t\t\t\t<div class=\"elementor-container elementor-column-gap-default\">\n\t\t\t\t\t<div class=\"elementor-column elementor-col-33 elementor-inner-column elementor-element elementor-element-54b5dbd\" data-id=\"54b5dbd\" data-element_type=\"column\" data-e-type=\"column\">\n\t\t\t<div class=\"elementor-widget-wrap elementor-element-populated\">\n\t\t\t\t\t\t<div class=\"elementor-element elementor-element-4033ff8 elementor-position-top elementor-widget elementor-widget-image-box\" data-id=\"4033ff8\" data-element_type=\"widget\" data-e-type=\"widget\" data-widget_type=\"image-box.default\">\n\t\t\t\t<div class=\"elementor-widget-container\">\n\t\t\t\t\t<div class=\"elementor-image-box-wrapper\"><figure class=\"elementor-image-box-img\"><a href=\"https:\/\/imn.lukasiewicz.gov.pl\/centrum-materialow-funkcjonalnych\/\" tabindex=\"-1\"><img decoding=\"async\" src=\"https:\/\/imn.lukasiewicz.gov.pl\/wp-content\/uploads\/sites\/21\/elementor\/thumbs\/DSC_0953-1-scaled-qfqo9zmnjo5q00yxsi58udfdrzcr9c0rjnn2w8bdbs.jpg\" title=\"DSC_0953\" alt=\"roztopiony i rozgrzany do czerwono\u015bci metal w tyglu odlewniczym\" loading=\"lazy\" \/><\/a><\/figure><div class=\"elementor-image-box-content\"><h3 class=\"elementor-image-box-title\"><a href=\"https:\/\/imn.lukasiewicz.gov.pl\/centrum-materialow-funkcjonalnych\/\">Alloy casting<\/a><\/h3><p class=\"elementor-image-box-description\">Casting alloys of specific composition<\/p><\/div><\/div>\t\t\t\t<\/div>\n\t\t\t\t<\/div>\n\t\t\t\t\t<\/div>\n\t\t<\/div>\n\t\t\t\t<div class=\"elementor-column elementor-col-33 elementor-inner-column elementor-element elementor-element-7524bdd\" data-id=\"7524bdd\" data-element_type=\"column\" data-e-type=\"column\">\n\t\t\t<div class=\"elementor-widget-wrap elementor-element-populated\">\n\t\t\t\t\t\t<div class=\"elementor-element elementor-element-9d9cd3b elementor-position-top elementor-widget elementor-widget-image-box\" data-id=\"9d9cd3b\" data-element_type=\"widget\" data-e-type=\"widget\" data-widget_type=\"image-box.default\">\n\t\t\t\t<div class=\"elementor-widget-container\">\n\t\t\t\t\t<div class=\"elementor-image-box-wrapper\"><figure class=\"elementor-image-box-img\"><a href=\"https:\/\/imn.lukasiewicz.gov.pl\/centrum-materialow-funkcjonalnych\/\" tabindex=\"-1\"><img decoding=\"async\" src=\"https:\/\/imn.lukasiewicz.gov.pl\/wp-content\/uploads\/sites\/21\/elementor\/thumbs\/3da-1-qov5nv6v68d1uht8r63imgixhnucg1lorpn3r43v3s.png\" title=\"3da\" alt=\"3da\" loading=\"lazy\" \/><\/a><\/figure><div class=\"elementor-image-box-content\"><h3 class=\"elementor-image-box-title\"><a href=\"https:\/\/imn.lukasiewicz.gov.pl\/centrum-materialow-funkcjonalnych\/\">3D for power electronics<\/a><\/h3><p class=\"elementor-image-box-description\">Additive manufacturing<\/p><\/div><\/div>\t\t\t\t<\/div>\n\t\t\t\t<\/div>\n\t\t\t\t\t<\/div>\n\t\t<\/div>\n\t\t\t\t<div class=\"elementor-column elementor-col-33 elementor-inner-column elementor-element elementor-element-49ba1d9\" data-id=\"49ba1d9\" data-element_type=\"column\" data-e-type=\"column\">\n\t\t\t<div class=\"elementor-widget-wrap elementor-element-populated\">\n\t\t\t\t\t\t<div class=\"elementor-element elementor-element-7ceab96 elementor-position-top elementor-widget elementor-widget-image-box\" data-id=\"7ceab96\" data-element_type=\"widget\" data-e-type=\"widget\" data-widget_type=\"image-box.default\">\n\t\t\t\t<div class=\"elementor-widget-container\">\n\t\t\t\t\t<div class=\"elementor-image-box-wrapper\"><figure class=\"elementor-image-box-img\"><a href=\"https:\/\/imn.lukasiewicz.gov.pl\/centrum-materialow-funkcjonalnych\/\" tabindex=\"-1\"><img decoding=\"async\" src=\"https:\/\/imn.lukasiewicz.gov.pl\/wp-content\/uploads\/sites\/21\/elementor\/thumbs\/opt-lasers-KshEaH06rV8-unsplash-scaled-qfqobedxsq37eyx7k433l0m9usekszm9qmvat683zs.jpg\" title=\"opt-lasers-KshEaH06rV8-unsplash\" alt=\"Laser cutting\" loading=\"lazy\" \/><\/a><\/figure><div class=\"elementor-image-box-content\"><h3 class=\"elementor-image-box-title\"><a href=\"https:\/\/imn.lukasiewicz.gov.pl\/centrum-materialow-funkcjonalnych\/\">Laser Cutting  Engraving<\/a><\/h3><\/div><\/div>\t\t\t\t<\/div>\n\t\t\t\t<\/div>\n\t\t\t\t\t<\/div>\n\t\t<\/div>\n\t\t\t\t\t<\/div>\n\t\t<\/section>\n\t\t\t\t<section class=\"elementor-section elementor-inner-section elementor-element elementor-element-be6e962 elementor-section-boxed elementor-section-height-default elementor-section-height-default\" data-id=\"be6e962\" data-element_type=\"section\" data-e-type=\"section\">\n\t\t\t\t\t\t<div class=\"elementor-container elementor-column-gap-default\">\n\t\t\t\t\t<div class=\"elementor-column elementor-col-33 elementor-inner-column elementor-element elementor-element-eab9c98\" data-id=\"eab9c98\" data-element_type=\"column\" data-e-type=\"column\">\n\t\t\t<div class=\"elementor-widget-wrap elementor-element-populated\">\n\t\t\t\t\t\t<div class=\"elementor-element elementor-element-58edf8d elementor-position-top elementor-widget elementor-widget-image-box\" data-id=\"58edf8d\" data-element_type=\"widget\" data-e-type=\"widget\" data-widget_type=\"image-box.default\">\n\t\t\t\t<div class=\"elementor-widget-container\">\n\t\t\t\t\t<div class=\"elementor-image-box-wrapper\"><figure class=\"elementor-image-box-img\"><a href=\"https:\/\/imn.lukasiewicz.gov.pl\/produkcja-urzadzen\/\" tabindex=\"-1\"><img fetchpriority=\"high\" decoding=\"async\" width=\"2560\" height=\"1707\" src=\"https:\/\/imn.lukasiewicz.gov.pl\/wp-content\/uploads\/sites\/21\/2023\/11\/clayton-cardinalli-hkJNx0EDbjE-unsplash-scaled.jpg\" class=\"attachment-full size-full wp-image-18670\" alt=\"Ci\u0119cie metalu\" srcset=\"https:\/\/imn.lukasiewicz.gov.pl\/wp-content\/uploads\/sites\/21\/2023\/11\/clayton-cardinalli-hkJNx0EDbjE-unsplash-scaled.jpg 2560w, https:\/\/imn.lukasiewicz.gov.pl\/wp-content\/uploads\/sites\/21\/2023\/11\/clayton-cardinalli-hkJNx0EDbjE-unsplash-300x200.jpg 300w, https:\/\/imn.lukasiewicz.gov.pl\/wp-content\/uploads\/sites\/21\/2023\/11\/clayton-cardinalli-hkJNx0EDbjE-unsplash-1024x683.jpg 1024w, https:\/\/imn.lukasiewicz.gov.pl\/wp-content\/uploads\/sites\/21\/2023\/11\/clayton-cardinalli-hkJNx0EDbjE-unsplash-768x512.jpg 768w, https:\/\/imn.lukasiewicz.gov.pl\/wp-content\/uploads\/sites\/21\/2023\/11\/clayton-cardinalli-hkJNx0EDbjE-unsplash-1536x1024.jpg 1536w, https:\/\/imn.lukasiewicz.gov.pl\/wp-content\/uploads\/sites\/21\/2023\/11\/clayton-cardinalli-hkJNx0EDbjE-unsplash-2048x1365.jpg 2048w, https:\/\/imn.lukasiewicz.gov.pl\/wp-content\/uploads\/sites\/21\/2023\/11\/clayton-cardinalli-hkJNx0EDbjE-unsplash-1200x800.jpg 1200w, https:\/\/imn.lukasiewicz.gov.pl\/wp-content\/uploads\/sites\/21\/2023\/11\/clayton-cardinalli-hkJNx0EDbjE-unsplash-1980x1320.jpg 1980w\" sizes=\"(max-width: 2560px) 100vw, 2560px\" \/><\/a><\/figure><div class=\"elementor-image-box-content\"><h3 class=\"elementor-image-box-title\"><a href=\"https:\/\/imn.lukasiewicz.gov.pl\/produkcja-urzadzen\/\">Equipment production<\/a><\/h3><\/div><\/div>\t\t\t\t<\/div>\n\t\t\t\t<\/div>\n\t\t\t\t\t<\/div>\n\t\t<\/div>\n\t\t\t\t<div class=\"elementor-column elementor-col-33 elementor-inner-column elementor-element elementor-element-d82bd4c\" data-id=\"d82bd4c\" data-element_type=\"column\" data-e-type=\"column\">\n\t\t\t<div class=\"elementor-widget-wrap elementor-element-populated\">\n\t\t\t\t\t\t<div class=\"elementor-element elementor-element-eb3b75c elementor-position-top elementor-widget elementor-widget-image-box\" data-id=\"eb3b75c\" data-element_type=\"widget\" data-e-type=\"widget\" data-widget_type=\"image-box.default\">\n\t\t\t\t<div class=\"elementor-widget-container\">\n\t\t\t\t\t<div class=\"elementor-image-box-wrapper\"><figure class=\"elementor-image-box-img\"><a href=\"https:\/\/imn.lukasiewicz.gov.pl\/en\/design-and-simulation\/\" tabindex=\"-1\"><img decoding=\"async\" src=\"https:\/\/imn.lukasiewicz.gov.pl\/wp-content\/uploads\/sites\/21\/elementor\/thumbs\/maxim-tolchinskiy-u_Z1U7cKqnw-unsplash-scaled-qfqmq441a7o3ui4s2cnmmh0yjer9p276j3jzw35v7c.jpg\" title=\"maxim-tolchinskiy-u_Z1U7cKqnw-unsplash\" alt=\"Pracownik przy komputerze\" loading=\"lazy\" \/><\/a><\/figure><div class=\"elementor-image-box-content\"><h3 class=\"elementor-image-box-title\"><a href=\"https:\/\/imn.lukasiewicz.gov.pl\/en\/design-and-simulation\/\">Design and simulation<\/a><\/h3><p class=\"elementor-image-box-description\">computer design of 2D and 3D objects <\/p><\/div><\/div>\t\t\t\t<\/div>\n\t\t\t\t<\/div>\n\t\t\t\t\t<\/div>\n\t\t<\/div>\n\t\t\t\t<div class=\"elementor-column elementor-col-33 elementor-inner-column elementor-element elementor-element-fc109a8\" data-id=\"fc109a8\" data-element_type=\"column\" data-e-type=\"column\">\n\t\t\t<div class=\"elementor-widget-wrap\">\n\t\t\t\t\t\t\t<\/div>\n\t\t<\/div>\n\t\t\t\t\t<\/div>\n\t\t<\/section>\n\t\t\t\t<div class=\"elementor-element elementor-element-eb96b3b elementor-widget elementor-widget-spacer\" data-id=\"eb96b3b\" data-element_type=\"widget\" data-e-type=\"widget\" data-widget_type=\"spacer.default\">\n\t\t\t\t<div class=\"elementor-widget-container\">\n\t\t\t\t\t\t\t<div class=\"elementor-spacer\">\n\t\t\t<div class=\"elementor-spacer-inner\"><\/div>\n\t\t<\/div>\n\t\t\t\t\t\t<\/div>\n\t\t\t\t<\/div>\n\t\t\t\t\t<\/div>\n\t\t<\/div>\n\t\t\t\t\t<\/div>\n\t\t<\/section>\n\t\t\t\t<section class=\"elementor-section elementor-top-section elementor-element elementor-element-a1e1291 elementor-section-boxed elementor-section-height-default elementor-section-height-default\" data-id=\"a1e1291\" data-element_type=\"section\" data-e-type=\"section\">\n\t\t\t\t\t\t<div class=\"elementor-container elementor-column-gap-default\">\n\t\t\t\t\t<div class=\"elementor-column elementor-col-100 elementor-top-column elementor-element elementor-element-7e875c6\" data-id=\"7e875c6\" data-element_type=\"column\" data-e-type=\"column\" data-settings=\"{&quot;background_background&quot;:&quot;classic&quot;}\">\n\t\t\t<div class=\"elementor-widget-wrap elementor-element-populated\">\n\t\t\t\t\t\t<div class=\"elementor-element elementor-element-0bdda74 elementor-widget elementor-widget-heading\" data-id=\"0bdda74\" data-element_type=\"widget\" data-e-type=\"widget\" data-widget_type=\"heading.default\">\n\t\t\t\t<div class=\"elementor-widget-container\">\n\t\t\t\t\t<h2 class=\"elementor-heading-title elementor-size-default\">Wanna talk about our services?<\/h2>\t\t\t\t<\/div>\n\t\t\t\t<\/div>\n\t\t\t\t<div class=\"elementor-element elementor-element-8eff353 elementor-widget elementor-widget-spacer\" data-id=\"8eff353\" data-element_type=\"widget\" data-e-type=\"widget\" data-widget_type=\"spacer.default\">\n\t\t\t\t<div class=\"elementor-widget-container\">\n\t\t\t\t\t\t\t<div class=\"elementor-spacer\">\n\t\t\t<div class=\"elementor-spacer-inner\"><\/div>\n\t\t<\/div>\n\t\t\t\t\t\t<\/div>\n\t\t\t\t<\/div>\n\t\t\t\t<div class=\"elementor-element elementor-element-1f00a38 elementor-align-center elementor-widget elementor-widget-button\" data-id=\"1f00a38\" data-element_type=\"widget\" data-e-type=\"widget\" data-widget_type=\"button.default\">\n\t\t\t\t<div class=\"elementor-widget-container\">\n\t\t\t\t\t\t\t\t\t<div class=\"elementor-button-wrapper\">\n\t\t\t\t\t<a class=\"elementor-button elementor-button-link elementor-size-md\" href=\"mailto:%20komercjalizacja@imn.lukasiewicz.gov.pl\">\n\t\t\t\t\t\t<span class=\"elementor-button-content-wrapper\">\n\t\t\t\t\t\t\t\t\t<span class=\"elementor-button-text\">Write to us<\/span>\n\t\t\t\t\t<\/span>\n\t\t\t\t\t<\/a>\n\t\t\t\t<\/div>\n\t\t\t\t\t\t\t\t<\/div>\n\t\t\t\t<\/div>\n\t\t\t\t\t<\/div>\n\t\t<\/div>\n\t\t\t\t\t<\/div>\n\t\t<\/section>\n\t\t\t\t<\/div>\n\t\t","protected":false},"excerpt":{"rendered":"<p>Services Services for industry Anodizing Powder Manufacturing and Processing Processing of mineral raw materials crushing and grinding, screening and classification, enrichment of raw materials Material processing briquetting and granulating, processing in the temperature range from 200 to 1400\u00b0C, recovery of metals from waste and secondary raw materials Recovery and refining of metals recovery and refining [&hellip;]<\/p>\n","protected":false},"author":141,"featured_media":0,"parent":0,"menu_order":0,"comment_status":"closed","ping_status":"closed","template":"","meta":{"_acf_changed":false,"_seopress_robots_primary_cat":"","_seopress_titles_title":"","_seopress_titles_desc":"","_seopress_robots_index":"","inline_featured_image":false,"footnotes":""},"class_list":["post-27473","page","type-page","status-publish","hentry"],"acf":{"page_icon":null},"publishpress_future_action":{"enabled":false,"date":"2026-04-22 20:40:37","action":"change-status","newStatus":"draft","terms":[],"taxonomy":"translation_priority","extraData":[]},"publishpress_future_workflow_manual_trigger":{"enabledWorkflows":[]},"_links":{"self":[{"href":"https:\/\/imn.lukasiewicz.gov.pl\/en\/wp-json\/wp\/v2\/pages\/27473","targetHints":{"allow":["GET"]}}],"collection":[{"href":"https:\/\/imn.lukasiewicz.gov.pl\/en\/wp-json\/wp\/v2\/pages"}],"about":[{"href":"https:\/\/imn.lukasiewicz.gov.pl\/en\/wp-json\/wp\/v2\/types\/page"}],"author":[{"embeddable":true,"href":"https:\/\/imn.lukasiewicz.gov.pl\/en\/wp-json\/wp\/v2\/users\/141"}],"replies":[{"embeddable":true,"href":"https:\/\/imn.lukasiewicz.gov.pl\/en\/wp-json\/wp\/v2\/comments?post=27473"}],"version-history":[{"count":3,"href":"https:\/\/imn.lukasiewicz.gov.pl\/en\/wp-json\/wp\/v2\/pages\/27473\/revisions"}],"predecessor-version":[{"id":27476,"href":"https:\/\/imn.lukasiewicz.gov.pl\/en\/wp-json\/wp\/v2\/pages\/27473\/revisions\/27476"}],"wp:attachment":[{"href":"https:\/\/imn.lukasiewicz.gov.pl\/en\/wp-json\/wp\/v2\/media?parent=27473"}],"curies":[{"name":"wp","href":"https:\/\/api.w.org\/{rel}","templated":true}]}}