{"id":27313,"date":"2023-11-14T13:33:44","date_gmt":"2023-11-14T12:33:44","guid":{"rendered":"https:\/\/imn.lukasiewicz.gov.pl\/research-and-analysis\/analysis-of-geological-and-industrial-materials\/"},"modified":"2025-06-10T18:46:52","modified_gmt":"2025-06-10T16:46:52","slug":"analysis-of-geological-and-industrial-materials","status":"publish","type":"page","link":"https:\/\/imn.lukasiewicz.gov.pl\/en\/research-and-analysis\/analysis-of-geological-and-industrial-materials\/","title":{"rendered":"Analysis of geological and industrial materials"},"content":{"rendered":"\t\t<div data-elementor-type=\"wp-post\" data-elementor-id=\"27313\" class=\"elementor elementor-27313 elementor-17203\" data-elementor-post-type=\"page\">\n\t\t\t\t\t\t<section class=\"elementor-section elementor-top-section elementor-element elementor-element-77b6ca12 elementor-section-boxed elementor-section-height-default elementor-section-height-default\" data-id=\"77b6ca12\" data-element_type=\"section\" data-e-type=\"section\">\n\t\t\t\t\t\t<div class=\"elementor-container elementor-column-gap-default\">\n\t\t\t\t\t<div class=\"elementor-column elementor-col-100 elementor-top-column elementor-element elementor-element-3ab8ca5a\" data-id=\"3ab8ca5a\" data-element_type=\"column\" data-e-type=\"column\" data-settings=\"{&quot;background_background&quot;:&quot;classic&quot;}\">\n\t\t\t<div class=\"elementor-widget-wrap elementor-element-populated\">\n\t\t\t\t\t\t<div class=\"elementor-element elementor-element-49449053 elementor-widget elementor-widget-menu-anchor\" data-id=\"49449053\" data-element_type=\"widget\" data-e-type=\"widget\" data-widget_type=\"menu-anchor.default\">\n\t\t\t\t<div class=\"elementor-widget-container\">\n\t\t\t\t\t\t\t<div class=\"elementor-menu-anchor\" id=\"certifiedreferencematerials\"><\/div>\n\t\t\t\t\t\t<\/div>\n\t\t\t\t<\/div>\n\t\t\t\t<div class=\"elementor-element elementor-element-936137a elementor-widget__width-auto elementor-widget elementor-widget-heading\" data-id=\"936137a\" data-element_type=\"widget\" data-e-type=\"widget\" data-widget_type=\"heading.default\">\n\t\t\t\t<div class=\"elementor-widget-container\">\n\t\t\t\t\t<p class=\"elementor-heading-title elementor-size-small\">services<\/p>\t\t\t\t<\/div>\n\t\t\t\t<\/div>\n\t\t\t\t<div class=\"elementor-element elementor-element-118c4f2d elementor-widget elementor-widget-heading\" data-id=\"118c4f2d\" data-element_type=\"widget\" data-e-type=\"widget\" data-widget_type=\"heading.default\">\n\t\t\t\t<div class=\"elementor-widget-container\">\n\t\t\t\t\t<h2 class=\"elementor-heading-title elementor-size-default\">Analyzes of geological and industrial materials<\/h2>\t\t\t\t<\/div>\n\t\t\t\t<\/div>\n\t\t\t\t<div class=\"elementor-element elementor-element-68c02884 elementor-widget elementor-widget-text-editor\" data-id=\"68c02884\" data-element_type=\"widget\" data-e-type=\"widget\" data-widget_type=\"text-editor.default\">\n\t\t\t\t<div class=\"elementor-widget-container\">\n\t\t\t\t\t\t\t\t\t<p>We perform tests of materials:<\/p><ul><li>geological materials \u2013 rocks, ores and minerals,<\/li><li>materials from pyro- and hydrometallurgical processing of ores and concentrates of non-ferrous metals,<\/li><li>raw materials and products of the chemical, ceramic, glass and construction industries (e.g. ammonium perrhenate, sodium arsenate, sulfuric acid, natural and synthetic gypsum, mineral wool, limestone and others),<\/li><li>coal and its pyrolysis products,<\/li><li>aluminum coagulants (PAX, SAX) and iron (PIX) coagulants used in water treatment and sewage treatment technologies,<\/li><li>steel wire and wire products \u2013 non-ferrous metal coatings on steel wire,<\/li><li>silicon, silica dust, magnesium ferrosilicon alloy,<\/li><li>plastics,<\/li><li>foliar fertilizers and biostimulants,<\/li><li>pharmaceutical preparations,<\/li><li>dyes and pigments.<\/li><\/ul><p>The tests include:<\/p><ul><li>rapid identification of materials of unknown chemical composition using the semi-quantitative XRF method,<\/li><li>determination of trace metal contents from Li to U by semi-quantitative ICP MS method,<\/li><li>determination of the content of non-metallic elements (F, Cl, Br, P, S, N, O, C),<\/li><li>determination of the content of precious metals (Au, Ag, Pd, Pt, Ir, Rh), trace contents of precious metals in materials are determined using atomic spectrometry techniques after preparing samples using the fire method and using the cupellation technique for their concentration,<\/li><li>determination of the content of toxic elements (Hg, As, Pb, Cd, Cu, Cr, Zn, Co, Ni, Ba, Tl),<\/li><li>determination of rare earth metal content,<\/li><li>determination of the content of tin, tantalum, tungsten and gold in so-called conflict minerals,<\/li><li>determination of metallic aluminum and total aluminum content,<\/li><li>testing the chemical composition of substances and their mixtures (REACH Regulation),<\/li><li>determining the degree of purity of chemical substances (chemical reagents),<\/li><li>determination of the mass of a zinc or zinc alloy coating and the mass of a copper, bronze or brass coating on a steel wire,<\/li><li>determination of Zn, Cu, Pb in the coating on steel wire.<\/li><\/ul>\t\t\t\t\t\t\t\t<\/div>\n\t\t\t\t<\/div>\n\t\t\t\t<div class=\"elementor-element elementor-element-613bc58 elementor-widget elementor-widget-button\" data-id=\"613bc58\" data-element_type=\"widget\" data-e-type=\"widget\" data-widget_type=\"button.default\">\n\t\t\t\t<div class=\"elementor-widget-container\">\n\t\t\t\t\t\t\t\t\t<div class=\"elementor-button-wrapper\">\n\t\t\t\t\t<a class=\"elementor-button elementor-button-link elementor-size-sm\" href=\"https:\/\/imn.lukasiewicz.gov.pl\/en\/centre-of-analytical-chemistry\/\">\n\t\t\t\t\t\t<span class=\"elementor-button-content-wrapper\">\n\t\t\t\t\t\t\t\t\t<span class=\"elementor-button-text\">Go to Research Centre<\/span>\n\t\t\t\t\t<\/span>\n\t\t\t\t\t<\/a>\n\t\t\t\t<\/div>\n\t\t\t\t\t\t\t\t<\/div>\n\t\t\t\t<\/div>\n\t\t\t\t\t<\/div>\n\t\t<\/div>\n\t\t\t\t\t<\/div>\n\t\t<\/section>\n\t\t\t\t<section class=\"elementor-section elementor-top-section elementor-element elementor-element-630194db elementor-section-boxed elementor-section-height-default elementor-section-height-default\" data-id=\"630194db\" data-element_type=\"section\" data-e-type=\"section\">\n\t\t\t\t\t\t<div class=\"elementor-container elementor-column-gap-default\">\n\t\t\t\t\t<div class=\"elementor-column elementor-col-100 elementor-top-column elementor-element elementor-element-22531c47\" data-id=\"22531c47\" data-element_type=\"column\" data-e-type=\"column\" data-settings=\"{&quot;background_background&quot;:&quot;classic&quot;}\">\n\t\t\t<div class=\"elementor-widget-wrap elementor-element-populated\">\n\t\t\t\t\t\t<div class=\"elementor-element elementor-element-4e64bc21 elementor-widget__width-auto elementor-hidden-mobile elementor-widget elementor-widget-heading\" data-id=\"4e64bc21\" data-element_type=\"widget\" data-e-type=\"widget\" data-widget_type=\"heading.default\">\n\t\t\t\t<div class=\"elementor-widget-container\">\n\t\t\t\t\t<p class=\"elementor-heading-title elementor-size-small\">Contact us<\/p>\t\t\t\t<\/div>\n\t\t\t\t<\/div>\n\t\t\t\t<div class=\"elementor-element elementor-element-1b84ddfb elementor-widget elementor-widget-heading\" data-id=\"1b84ddfb\" data-element_type=\"widget\" data-e-type=\"widget\" data-widget_type=\"heading.default\">\n\t\t\t\t<div class=\"elementor-widget-container\">\n\t\t\t\t\t<h2 class=\"elementor-heading-title elementor-size-default\">Contact<\/h2>\t\t\t\t<\/div>\n\t\t\t\t<\/div>\n\t\t\t\t<section class=\"elementor-section elementor-inner-section elementor-element elementor-element-775db27d elementor-section-boxed elementor-section-height-default elementor-section-height-default\" data-id=\"775db27d\" data-element_type=\"section\" data-e-type=\"section\">\n\t\t\t\t\t\t<div class=\"elementor-container elementor-column-gap-default\">\n\t\t\t\t\t<div class=\"elementor-column elementor-col-50 elementor-inner-column elementor-element elementor-element-4ecf6943\" data-id=\"4ecf6943\" data-element_type=\"column\" data-e-type=\"column\">\n\t\t\t<div class=\"elementor-widget-wrap elementor-element-populated\">\n\t\t\t\t\t\t<div class=\"elementor-element elementor-element-63fb1e95 elementor-widget elementor-widget-text-editor\" data-id=\"63fb1e95\" data-element_type=\"widget\" data-e-type=\"widget\" data-widget_type=\"text-editor.default\">\n\t\t\t\t<div class=\"elementor-widget-container\">\n\t\t\t\t\t\t\t\t\t<h3>Centre of Analytical Chemistry<\/h3><p><strong>Chemical analyses: Andrzej Hryniszyn, MSc<\/strong><br \/>phone: +48 32 238 04 78<br \/>e-mail: <a href=\"mailto:andrzej.hryniszyn@imn.lukasiewicz.gov.pl\">andrzej.hryniszyn@imn.lukasiewicz.gov.pl<\/a><\/p>\t\t\t\t\t\t\t\t<\/div>\n\t\t\t\t<\/div>\n\t\t\t\t\t<\/div>\n\t\t<\/div>\n\t\t\t\t<div class=\"elementor-column elementor-col-50 elementor-inner-column elementor-element elementor-element-e469cb7\" data-id=\"e469cb7\" data-element_type=\"column\" data-e-type=\"column\">\n\t\t\t<div class=\"elementor-widget-wrap elementor-element-populated\">\n\t\t\t\t\t\t<div class=\"elementor-element elementor-element-58da8d57 elementor-widget elementor-widget-google_maps\" data-id=\"58da8d57\" data-element_type=\"widget\" data-e-type=\"widget\" data-widget_type=\"google_maps.default\">\n\t\t\t\t<div class=\"elementor-widget-container\">\n\t\t\t\t\t\t\t<div class=\"elementor-custom-embed\">\n\t\t\t<iframe loading=\"lazy\"\n\t\t\t\t\tsrc=\"https:\/\/maps.google.com\/maps?q=instytut%20metali%20nie%C5%BCelaznych%20gliwice&#038;t=m&#038;z=10&#038;output=embed&#038;iwloc=near\"\n\t\t\t\t\ttitle=\"instytut metali nie\u017celaznych gliwice\"\n\t\t\t\t\taria-label=\"instytut metali nie\u017celaznych gliwice\"\n\t\t\t><\/iframe>\n\t\t<\/div>\n\t\t\t\t\t\t<\/div>\n\t\t\t\t<\/div>\n\t\t\t\t\t<\/div>\n\t\t<\/div>\n\t\t\t\t\t<\/div>\n\t\t<\/section>\n\t\t\t\t\t<\/div>\n\t\t<\/div>\n\t\t\t\t\t<\/div>\n\t\t<\/section>\n\t\t\t\t<\/div>\n\t\t","protected":false},"excerpt":{"rendered":"<p>services Analyzes of geological and industrial materials We perform tests of materials: geological materials \u2013 rocks, ores and minerals, materials from pyro- and hydrometallurgical processing of ores and concentrates of non-ferrous metals, raw materials and products of the chemical, ceramic, glass and construction industries (e.g. ammonium perrhenate, sodium arsenate, sulfuric acid, natural and synthetic gypsum, [&hellip;]<\/p>\n","protected":false},"author":141,"featured_media":0,"parent":26965,"menu_order":0,"comment_status":"closed","ping_status":"closed","template":"","meta":{"_acf_changed":false,"_seopress_robots_primary_cat":"","_seopress_titles_title":"Szczeg\u00f3\u0142owe badania","_seopress_titles_desc":"Szeroki zakres oznacze\u0144 pierwiastk\u00f3w bilansowych, pierwiastk\u00f3w toksycznych, uci\u0105\u017cliwych dla \u015brodowiska zwi\u0105zk\u00f3w organicznych oraz metali szlachetnych.","_seopress_robots_index":"","inline_featured_image":false,"footnotes":""},"class_list":["post-27313","page","type-page","status-publish","hentry"],"acf":{"page_icon":null},"publishpress_future_action":{"enabled":false,"date":"2026-04-22 20:40:41","action":"change-status","newStatus":"draft","terms":[],"taxonomy":"translation_priority","extraData":[]},"publishpress_future_workflow_manual_trigger":{"enabledWorkflows":[]},"_links":{"self":[{"href":"https:\/\/imn.lukasiewicz.gov.pl\/en\/wp-json\/wp\/v2\/pages\/27313","targetHints":{"allow":["GET"]}}],"collection":[{"href":"https:\/\/imn.lukasiewicz.gov.pl\/en\/wp-json\/wp\/v2\/pages"}],"about":[{"href":"https:\/\/imn.lukasiewicz.gov.pl\/en\/wp-json\/wp\/v2\/types\/page"}],"author":[{"embeddable":true,"href":"https:\/\/imn.lukasiewicz.gov.pl\/en\/wp-json\/wp\/v2\/users\/141"}],"replies":[{"embeddable":true,"href":"https:\/\/imn.lukasiewicz.gov.pl\/en\/wp-json\/wp\/v2\/comments?post=27313"}],"version-history":[{"count":5,"href":"https:\/\/imn.lukasiewicz.gov.pl\/en\/wp-json\/wp\/v2\/pages\/27313\/revisions"}],"predecessor-version":[{"id":33474,"href":"https:\/\/imn.lukasiewicz.gov.pl\/en\/wp-json\/wp\/v2\/pages\/27313\/revisions\/33474"}],"up":[{"embeddable":true,"href":"https:\/\/imn.lukasiewicz.gov.pl\/en\/wp-json\/wp\/v2\/pages\/26965"}],"wp:attachment":[{"href":"https:\/\/imn.lukasiewicz.gov.pl\/en\/wp-json\/wp\/v2\/media?parent=27313"}],"curies":[{"name":"wp","href":"https:\/\/api.w.org\/{rel}","templated":true}]}}