{"id":27182,"date":"2023-11-14T15:03:56","date_gmt":"2023-11-14T14:03:56","guid":{"rendered":"https:\/\/imn.lukasiewicz.gov.pl\/?page_id=27182"},"modified":"2025-06-10T18:17:07","modified_gmt":"2025-06-10T16:17:07","slug":"soil-analyses","status":"publish","type":"page","link":"https:\/\/imn.lukasiewicz.gov.pl\/en\/research-and-analysis\/soil-analyses\/","title":{"rendered":"Soil analyses"},"content":{"rendered":"\t\t<div data-elementor-type=\"wp-post\" data-elementor-id=\"27182\" class=\"elementor elementor-27182 elementor-17221\" data-elementor-post-type=\"page\">\n\t\t\t\t\t\t<section class=\"elementor-section elementor-top-section elementor-element elementor-element-12a5fee2 elementor-section-boxed elementor-section-height-default elementor-section-height-default\" data-id=\"12a5fee2\" data-element_type=\"section\" data-e-type=\"section\">\n\t\t\t\t\t\t<div class=\"elementor-container elementor-column-gap-default\">\n\t\t\t\t\t<div class=\"elementor-column elementor-col-100 elementor-top-column elementor-element elementor-element-3e7f00a4\" data-id=\"3e7f00a4\" data-element_type=\"column\" data-e-type=\"column\" data-settings=\"{&quot;background_background&quot;:&quot;classic&quot;}\">\n\t\t\t<div class=\"elementor-widget-wrap elementor-element-populated\">\n\t\t\t\t\t\t<div class=\"elementor-element elementor-element-11529d11 elementor-widget__width-auto elementor-widget elementor-widget-heading\" data-id=\"11529d11\" data-element_type=\"widget\" data-e-type=\"widget\" data-widget_type=\"heading.default\">\n\t\t\t\t<div class=\"elementor-widget-container\">\n\t\t\t\t\t<p class=\"elementor-heading-title elementor-size-small\">us\u0142ugi<\/p>\t\t\t\t<\/div>\n\t\t\t\t<\/div>\n\t\t\t\t<div class=\"elementor-element elementor-element-3128d795 elementor-widget elementor-widget-heading\" data-id=\"3128d795\" data-element_type=\"widget\" data-e-type=\"widget\" data-widget_type=\"heading.default\">\n\t\t\t\t<div class=\"elementor-widget-container\">\n\t\t\t\t\t<h2 class=\"elementor-heading-title elementor-size-default\">\nAnalysis of copper-bearing materials<\/h2>\t\t\t\t<\/div>\n\t\t\t\t<\/div>\n\t\t\t\t<div class=\"elementor-element elementor-element-4af3a4d7 elementor-widget elementor-widget-text-editor\" data-id=\"4af3a4d7\" data-element_type=\"widget\" data-e-type=\"widget\" data-widget_type=\"text-editor.default\">\n\t\t\t\t<div class=\"elementor-widget-container\">\n\t\t\t\t\t\t\t\t\t<p><span class=\"HwtZe\" lang=\"en\"><span class=\"jCAhz ChMk0b\"><span class=\"ryNqvb\">We perform chemical composition tests of materials: <\/span><\/span><\/span><\/p><ul><li><span class=\"HwtZe\" lang=\"en\"><span class=\"jCAhz ChMk0b\"><span class=\"ryNqvb\">copper cable scrap (granulate), piece polymetallic scrap (polymetallic scrap from WEEE recycling), materials from the automotive industry (including electrical harnesses, electrical and electronic components), metal scrap of copper and copper alloys, the homogenization of which is carried out by melting and casting using an induction furnace,<\/span><\/span><\/span><\/li><li><span class=\"HwtZe\" lang=\"en\"><span class=\"jCAhz ChMk0b\"><span class=\"ryNqvb\">electronic scrap &#8211; including used printed circuit boards (PCB) the homogenization of which is carried out by pyrolysis and melting with a sulphurizing agent,<\/span><\/span><\/span><\/li><li><span class=\"HwtZe\" lang=\"en\"><span class=\"jCAhz ChMk0b\"><span class=\"ryNqvb\">materials from pyrometallurgical processes (slags, dross, sinters, grindings, dusts),<\/span><\/span><\/span><\/li><li><span class=\"HwtZe\" lang=\"en\"><span class=\"jCAhz ChMk0b\"><span class=\"ryNqvb\">materials from hydrometallurgical processes (sludge, polymetallic concentrates).<\/span><\/span><span class=\"jCAhz ChMk0b\"><span class=\"ryNqvb\"> In homogenized materials, we determine, among others, the content of Cu, Ag, Au, Pd, Pt, which determine the commercial value of the material.<\/span><\/span><\/span><\/li><\/ul>\t\t\t\t\t\t\t\t<\/div>\n\t\t\t\t<\/div>\n\t\t\t\t<div class=\"elementor-element elementor-element-fbc263c elementor-widget elementor-widget-button\" data-id=\"fbc263c\" data-element_type=\"widget\" data-e-type=\"widget\" data-widget_type=\"button.default\">\n\t\t\t\t<div class=\"elementor-widget-container\">\n\t\t\t\t\t\t\t\t\t<div class=\"elementor-button-wrapper\">\n\t\t\t\t\t<a class=\"elementor-button elementor-button-link elementor-size-sm\" href=\"https:\/\/imn.lukasiewicz.gov.pl\/en\/centre-of-analytical-chemistry\/\">\n\t\t\t\t\t\t<span class=\"elementor-button-content-wrapper\">\n\t\t\t\t\t\t\t\t\t<span class=\"elementor-button-text\">Go to Research Centre<\/span>\n\t\t\t\t\t<\/span>\n\t\t\t\t\t<\/a>\n\t\t\t\t<\/div>\n\t\t\t\t\t\t\t\t<\/div>\n\t\t\t\t<\/div>\n\t\t\t\t\t<\/div>\n\t\t<\/div>\n\t\t\t\t\t<\/div>\n\t\t<\/section>\n\t\t\t\t<section class=\"elementor-section elementor-top-section elementor-element elementor-element-415ce8 elementor-section-boxed elementor-section-height-default elementor-section-height-default\" data-id=\"415ce8\" data-element_type=\"section\" data-e-type=\"section\">\n\t\t\t\t\t\t<div class=\"elementor-container elementor-column-gap-default\">\n\t\t\t\t\t<div class=\"elementor-column elementor-col-100 elementor-top-column elementor-element elementor-element-4877e4f4\" data-id=\"4877e4f4\" data-element_type=\"column\" data-e-type=\"column\" data-settings=\"{&quot;background_background&quot;:&quot;classic&quot;}\">\n\t\t\t<div class=\"elementor-widget-wrap elementor-element-populated\">\n\t\t\t\t\t\t<div class=\"elementor-element elementor-element-17e1e3b8 elementor-widget__width-auto elementor-hidden-mobile elementor-widget elementor-widget-heading\" data-id=\"17e1e3b8\" data-element_type=\"widget\" data-e-type=\"widget\" data-widget_type=\"heading.default\">\n\t\t\t\t<div class=\"elementor-widget-container\">\n\t\t\t\t\t<p class=\"elementor-heading-title elementor-size-small\">Contact us<\/p>\t\t\t\t<\/div>\n\t\t\t\t<\/div>\n\t\t\t\t<div class=\"elementor-element elementor-element-1f0ceb42 elementor-widget elementor-widget-heading\" data-id=\"1f0ceb42\" data-element_type=\"widget\" data-e-type=\"widget\" data-widget_type=\"heading.default\">\n\t\t\t\t<div class=\"elementor-widget-container\">\n\t\t\t\t\t<h2 class=\"elementor-heading-title elementor-size-default\">Contact<\/h2>\t\t\t\t<\/div>\n\t\t\t\t<\/div>\n\t\t\t\t<section class=\"elementor-section elementor-inner-section elementor-element elementor-element-798b7784 elementor-section-boxed elementor-section-height-default elementor-section-height-default\" data-id=\"798b7784\" data-element_type=\"section\" data-e-type=\"section\">\n\t\t\t\t\t\t<div class=\"elementor-container elementor-column-gap-default\">\n\t\t\t\t\t<div class=\"elementor-column elementor-col-50 elementor-inner-column elementor-element elementor-element-752e9d6b\" data-id=\"752e9d6b\" data-element_type=\"column\" data-e-type=\"column\">\n\t\t\t<div class=\"elementor-widget-wrap elementor-element-populated\">\n\t\t\t\t\t\t<div class=\"elementor-element elementor-element-48e45e3c elementor-widget elementor-widget-text-editor\" data-id=\"48e45e3c\" data-element_type=\"widget\" data-e-type=\"widget\" data-widget_type=\"text-editor.default\">\n\t\t\t\t<div class=\"elementor-widget-container\">\n\t\t\t\t\t\t\t\t\t<h3>Centre of Chemical Analyses<\/h3><p><strong>Chemical Analyses: Andrzej Hryniszyn, MSc<\/strong><br \/>phone: +48 32 238 04 78 ||+48 601 454 491<br \/>e-mail: <a href=\"mailto:andrzej.hryniszyn@imn.lukasiewicz.gov.pl\">andrzej.hryniszyn@imn.lukasiewicz.gov.pl<\/a><\/p>\t\t\t\t\t\t\t\t<\/div>\n\t\t\t\t<\/div>\n\t\t\t\t\t<\/div>\n\t\t<\/div>\n\t\t\t\t<div class=\"elementor-column elementor-col-50 elementor-inner-column elementor-element elementor-element-82a56c0\" data-id=\"82a56c0\" data-element_type=\"column\" data-e-type=\"column\">\n\t\t\t<div class=\"elementor-widget-wrap elementor-element-populated\">\n\t\t\t\t\t\t<div class=\"elementor-element elementor-element-1110d6c8 elementor-widget elementor-widget-google_maps\" data-id=\"1110d6c8\" data-element_type=\"widget\" data-e-type=\"widget\" data-widget_type=\"google_maps.default\">\n\t\t\t\t<div class=\"elementor-widget-container\">\n\t\t\t\t\t\t\t<div class=\"elementor-custom-embed\">\n\t\t\t<iframe loading=\"lazy\"\n\t\t\t\t\tsrc=\"https:\/\/maps.google.com\/maps?q=instytut%20metali%20nie%C5%BCelaznych%20gliwice&#038;t=m&#038;z=10&#038;output=embed&#038;iwloc=near\"\n\t\t\t\t\ttitle=\"instytut metali nie\u017celaznych gliwice\"\n\t\t\t\t\taria-label=\"instytut metali nie\u017celaznych gliwice\"\n\t\t\t><\/iframe>\n\t\t<\/div>\n\t\t\t\t\t\t<\/div>\n\t\t\t\t<\/div>\n\t\t\t\t\t<\/div>\n\t\t<\/div>\n\t\t\t\t\t<\/div>\n\t\t<\/section>\n\t\t\t\t\t<\/div>\n\t\t<\/div>\n\t\t\t\t\t<\/div>\n\t\t<\/section>\n\t\t\t\t<\/div>\n\t\t","protected":false},"excerpt":{"rendered":"<p>us\u0142ugi Analysis of copper-bearing materials We perform chemical composition tests of materials: copper cable scrap (granulate), piece polymetallic scrap (polymetallic scrap from WEEE recycling), materials from the automotive industry (including electrical harnesses, electrical and electronic components), metal scrap of copper and copper alloys, the homogenization of which is carried out by melting and casting using [&hellip;]<\/p>\n","protected":false},"author":141,"featured_media":0,"parent":26965,"menu_order":0,"comment_status":"closed","ping_status":"closed","template":"","meta":{"_acf_changed":false,"_seopress_robots_primary_cat":"","_seopress_titles_title":"Analizy gleb","_seopress_titles_desc":"Analizujemy gleby zgodne z obowi\u0105zuj\u0105cymi standardami jako\u015bci gleby oraz ziemi okre\u015blonymi w rozporz\u0105dzeniu Ministra \u015arodowiska","_seopress_robots_index":"","inline_featured_image":false,"footnotes":""},"class_list":["post-27182","page","type-page","status-publish","hentry"],"acf":{"page_icon":null},"publishpress_future_action":{"enabled":false,"date":"2026-04-22 20:03:16","action":"change-status","newStatus":"draft","terms":[],"taxonomy":"translation_priority","extraData":[]},"publishpress_future_workflow_manual_trigger":{"enabledWorkflows":[]},"_links":{"self":[{"href":"https:\/\/imn.lukasiewicz.gov.pl\/en\/wp-json\/wp\/v2\/pages\/27182","targetHints":{"allow":["GET"]}}],"collection":[{"href":"https:\/\/imn.lukasiewicz.gov.pl\/en\/wp-json\/wp\/v2\/pages"}],"about":[{"href":"https:\/\/imn.lukasiewicz.gov.pl\/en\/wp-json\/wp\/v2\/types\/page"}],"author":[{"embeddable":true,"href":"https:\/\/imn.lukasiewicz.gov.pl\/en\/wp-json\/wp\/v2\/users\/141"}],"replies":[{"embeddable":true,"href":"https:\/\/imn.lukasiewicz.gov.pl\/en\/wp-json\/wp\/v2\/comments?post=27182"}],"version-history":[{"count":5,"href":"https:\/\/imn.lukasiewicz.gov.pl\/en\/wp-json\/wp\/v2\/pages\/27182\/revisions"}],"predecessor-version":[{"id":33446,"href":"https:\/\/imn.lukasiewicz.gov.pl\/en\/wp-json\/wp\/v2\/pages\/27182\/revisions\/33446"}],"up":[{"embeddable":true,"href":"https:\/\/imn.lukasiewicz.gov.pl\/en\/wp-json\/wp\/v2\/pages\/26965"}],"wp:attachment":[{"href":"https:\/\/imn.lukasiewicz.gov.pl\/en\/wp-json\/wp\/v2\/media?parent=27182"}],"curies":[{"name":"wp","href":"https:\/\/api.w.org\/{rel}","templated":true}]}}